{"id":208,"date":"2024-01-10T11:22:17","date_gmt":"2024-01-10T10:22:17","guid":{"rendered":"https:\/\/www.rocaspa.fr\/?page_id=208"},"modified":"2024-02-17T10:25:10","modified_gmt":"2024-02-17T09:25:10","slug":"spas","status":"publish","type":"page","link":"https:\/\/www.rocaspa.fr\/index.php\/spas\/","title":{"rendered":"Spas"},"content":{"rendered":"<p>[et_pb_section fb_built=&#8221;1&#8243; _builder_version=&#8221;4.23.3&#8243; _module_preset=&#8221;default&#8221; background_image=&#8221;http:\/\/www.rocaspa.fr\/wp-content\/uploads\/2024\/01\/31-7.png&#8221; background_enable_video_mp4=&#8221;off&#8221; custom_margin=&#8221;-28px||||false|false&#8221; custom_padding=&#8221;||24px|||&#8221; global_colors_info=&#8221;{}&#8221;][et_pb_row _builder_version=&#8221;4.23.3&#8243; _module_preset=&#8221;default&#8221; custom_margin=&#8221;44px|auto|43px|auto||&#8221; global_colors_info=&#8221;{}&#8221;][et_pb_column type=&#8221;4_4&#8243; _builder_version=&#8221;4.23.3&#8243; _module_preset=&#8221;default&#8221; global_colors_info=&#8221;{}&#8221;][et_pb_slider show_arrows=&#8221;off&#8221; show_pagination=&#8221;off&#8221; arrows_custom_color=&#8221;RGBA(255,255,255,0)&#8221; dot_nav_custom_color=&#8221;RGBA(255,255,255,0)&#8221; _builder_version=&#8221;4.23.3&#8243; _module_preset=&#8221;default&#8221; text_orientation=&#8221;right&#8221; custom_margin=&#8221;0px|0px|0px|210px|false|false&#8221; custom_padding=&#8221;0px||0px||false|false&#8221; animation_style=&#8221;slide&#8221; animation_direction=&#8221;right&#8221; animation_intensity_slide=&#8221;25%&#8221; auto=&#8221;on&#8221; auto_speed=&#8221;3000&#8243; hover_transition_duration=&#8221;50ms&#8221; hover_transition_delay=&#8221;50ms&#8221; global_colors_info=&#8221;{}&#8221;][et_pb_slide heading=&#8221;Spas toutes options accessibles&#8221; _builder_version=&#8221;4.23.3&#8243; _module_preset=&#8221;default&#8221; header_font=&#8221;Sansation||||||||&#8221; header_text_align=&#8221;left&#8221; header_font_size=&#8221;34px&#8221; background_color=&#8221;RGBA(255,255,255,0)&#8221; background_enable_color=&#8221;on&#8221; width=&#8221;89%&#8221; max_width=&#8221;100%&#8221; custom_padding=&#8221;|||0px|false|false&#8221; global_colors_info=&#8221;{}&#8221; sticky_transition=&#8221;on&#8221;][\/et_pb_slide][et_pb_slide heading=&#8221;Structure inoxydable sur tous les mod\u00e8les&#8221; _builder_version=&#8221;4.23.3&#8243; _module_preset=&#8221;default&#8221; header_font=&#8221;Sansation||||||||&#8221; header_text_align=&#8221;left&#8221; header_font_size=&#8221;34px&#8221; background_color=&#8221;RGBA(255,255,255,0)&#8221; background_enable_color=&#8221;on&#8221; width=&#8221;89%&#8221; max_width=&#8221;100%&#8221; custom_padding=&#8221;|||0px|false|false&#8221; global_colors_info=&#8221;{}&#8221; sticky_transition=&#8221;on&#8221;][\/et_pb_slide][et_pb_slide heading=&#8221;Electronique enti\u00e8rement Balboa Water Groups&#8221; _builder_version=&#8221;4.23.3&#8243; _module_preset=&#8221;default&#8221; header_font=&#8221;Sansation||||||||&#8221; header_text_align=&#8221;left&#8221; header_font_size=&#8221;31px&#8221; background_color=&#8221;RGBA(255,255,255,0)&#8221; background_enable_color=&#8221;on&#8221; text_orientation=&#8221;center&#8221; width=&#8221;89%&#8221; max_width=&#8221;100%&#8221; custom_padding=&#8221;|||0px|false|false&#8221; global_colors_info=&#8221;{}&#8221; sticky_transition=&#8221;on&#8221;][\/et_pb_slide][et_pb_slide heading=&#8221;Acrylique Arystech&#8221; _builder_version=&#8221;4.23.3&#8243; _module_preset=&#8221;default&#8221; header_font=&#8221;Sansation||||||||&#8221; header_text_align=&#8221;left&#8221; header_font_size=&#8221;31px&#8221; background_color=&#8221;RGBA(255,255,255,0)&#8221; background_enable_color=&#8221;on&#8221; text_orientation=&#8221;center&#8221; width=&#8221;89%&#8221; max_width=&#8221;100%&#8221; custom_padding=&#8221;|0px||8px|false|false&#8221; global_colors_info=&#8221;{}&#8221; sticky_transition=&#8221;on&#8221;][\/et_pb_slide][\/et_pb_slider][\/et_pb_column][\/et_pb_row][\/et_pb_section][et_pb_section fb_built=&#8221;1&#8243; _builder_version=&#8221;4.23.3&#8243; _module_preset=&#8221;default&#8221; custom_padding=&#8221;||23px|||&#8221; global_colors_info=&#8221;{}&#8221;][et_pb_row column_structure=&#8221;2_5,3_5&#8243; _builder_version=&#8221;4.23.3&#8243; _module_preset=&#8221;default&#8221; global_colors_info=&#8221;{}&#8221;][et_pb_column type=&#8221;2_5&#8243; _builder_version=&#8221;4.23.3&#8243; _module_preset=&#8221;default&#8221; global_colors_info=&#8221;{}&#8221;][et_pb_video src=&#8221;http:\/\/www.rocaspa.fr\/wp-content\/uploads\/2024\/01\/Design-sans-titre-4.mp4&#8243; module_class=&#8221;rc-video-autoplay&#8221; _builder_version=&#8221;4.23.3&#8243; _module_preset=&#8221;default&#8221; width=&#8221;64%&#8221; custom_margin=&#8221;-199px||||false|false&#8221; border_radii=&#8221;on|140px|140px|140px|140px&#8221; global_colors_info=&#8221;{}&#8221;][\/et_pb_video][\/et_pb_column][et_pb_column type=&#8221;3_5&#8243; _builder_version=&#8221;4.23.3&#8243; _module_preset=&#8221;default&#8221; global_colors_info=&#8221;{}&#8221;][et_pb_text _builder_version=&#8221;4.23.3&#8243; _module_preset=&#8221;default&#8221; text_font=&#8221;Sansation||||||||&#8221; text_font_size=&#8221;18px&#8221; header_font=&#8221;Montserrat||||||||&#8221; custom_margin=&#8221;68px|||-139px|false|false&#8221; global_colors_info=&#8221;{}&#8221;]<\/p>\n<p>Nos spas types Jacuzzi sont parfaits pour vous offrir des moments de relaxation inoubliables. Toutes options, quatre design diff\u00e9rents, des tailles adapt\u00e9es \u00e0 votre int\u00e9rieur&#8230; Chez ROCA Spa, chaque mod\u00e8le est pens\u00e9 pour r\u00e9pondre \u00e0 des besoins sp\u00e9cifiques, tout en vous offrant une qualit\u00e9 incomparable.<\/p>\n<p>[\/et_pb_text][\/et_pb_column][\/et_pb_row][\/et_pb_section][et_pb_section fb_built=&#8221;1&#8243; specialty=&#8221;on&#8221; _builder_version=&#8221;4.23.3&#8243; _module_preset=&#8221;default&#8221; global_colors_info=&#8221;{}&#8221;][et_pb_column type=&#8221;1_4&#8243; _builder_version=&#8221;4.16&#8243; custom_padding=&#8221;|||&#8221; global_colors_info=&#8221;{}&#8221; custom_padding__hover=&#8221;|||&#8221;][et_pb_text _builder_version=&#8221;4.23.3&#8243; _module_preset=&#8221;default&#8221; header_font=&#8221;Sansation||||||||&#8221; header_2_font=&#8221;Sansation||||||||&#8221; global_colors_info=&#8221;{}&#8221;]<\/p>\n<h2>Filtrer par :<\/h2>\n<p>[\/et_pb_text][et_pb_code _builder_version=&#8221;4.23.3&#8243; _module_preset=&#8221;default&#8221; custom_margin=&#8221;|0px||-88px|false|false&#8221; custom_padding=&#8221;|0px||0px|false|false&#8221; global_colors_info=&#8221;{}&#8221;][\/et_pb_code][\/et_pb_column][et_pb_column type=&#8221;3_4&#8243; specialty_columns=&#8221;3&#8243; _builder_version=&#8221;4.16&#8243; custom_padding=&#8221;|||&#8221; global_colors_info=&#8221;{}&#8221; custom_padding__hover=&#8221;|||&#8221;][et_pb_row_inner column_structure=&#8221;1_3,1_3,1_3&#8243; _builder_version=&#8221;4.23.3&#8243; _module_preset=&#8221;default&#8221; global_colors_info=&#8221;{}&#8221;][et_pb_column_inner type=&#8221;1_3&#8243; saved_specialty_column_type=&#8221;3_4&#8243; _builder_version=&#8221;4.23.3&#8243; _module_preset=&#8221;default&#8221; global_colors_info=&#8221;{}&#8221;][et_pb_wc_images product=&#8221;232&#8243; show_product_gallery=&#8221;off&#8221; show_sale_badge=&#8221;off&#8221; _builder_version=&#8221;4.23.3&#8243; _module_preset=&#8221;default&#8221; link_option_url=&#8221;https:\/\/www.rocaspa.fr\/index.php\/produit\/europe\/&#8221; global_colors_info=&#8221;{}&#8221;][\/et_pb_wc_images][et_pb_wc_title product=&#8221;232&#8243; _builder_version=&#8221;4.24.0&#8243; _module_preset=&#8221;default&#8221; header_level=&#8221;h2&#8243; header_font=&#8221;Sansation|||on|||||&#8221; header_text_align=&#8221;center&#8221; header_letter_spacing=&#8221;1px&#8221; hover_enabled=&#8221;0&#8243; global_colors_info=&#8221;{}&#8221; link_option_url=&#8221;@ET-DC@eyJkeW5hbWljIjp0cnVlLCJjb250ZW50IjoicG9zdF9saW5rX3VybF9wcm9kdWN0Iiwic2V0dGluZ3MiOnsicG9zdF9pZCI6IjIzMiJ9fQ==@&#8221; _dynamic_attributes=&#8221;link_option_url&#8221; sticky_enabled=&#8221;0&#8243;][\/et_pb_wc_title][et_pb_wc_images product=&#8221;243&#8243; show_product_gallery=&#8221;off&#8221; show_sale_badge=&#8221;off&#8221; _builder_version=&#8221;4.23.3&#8243; _module_preset=&#8221;default&#8221; link_option_url=&#8221;https:\/\/www.rocaspa.fr\/index.php\/produit\/nemesis\/&#8221; global_colors_info=&#8221;{}&#8221;][\/et_pb_wc_images][et_pb_wc_title product=&#8221;243&#8243; _builder_version=&#8221;4.24.0&#8243; _module_preset=&#8221;default&#8221; header_level=&#8221;h2&#8243; header_font=&#8221;Sansation|||on|||||&#8221; header_text_align=&#8221;center&#8221; header_letter_spacing=&#8221;1px&#8221; hover_enabled=&#8221;0&#8243; global_colors_info=&#8221;{}&#8221; link_option_url=&#8221;@ET-DC@eyJkeW5hbWljIjp0cnVlLCJjb250ZW50IjoicG9zdF9saW5rX3VybF9wcm9kdWN0Iiwic2V0dGluZ3MiOnsicG9zdF9pZCI6IjI0MyJ9fQ==@&#8221; _dynamic_attributes=&#8221;link_option_url&#8221; sticky_enabled=&#8221;0&#8243;][\/et_pb_wc_title][\/et_pb_column_inner][et_pb_column_inner type=&#8221;1_3&#8243; saved_specialty_column_type=&#8221;3_4&#8243; _builder_version=&#8221;4.23.3&#8243; _module_preset=&#8221;default&#8221; global_colors_info=&#8221;{}&#8221;][et_pb_wc_images product=&#8221;249&#8243; show_product_gallery=&#8221;off&#8221; show_sale_badge=&#8221;off&#8221; _builder_version=&#8221;4.23.3&#8243; _module_preset=&#8221;default&#8221; link_option_url=&#8221;https:\/\/www.rocaspa.fr\/index.php\/produit\/pleuxaure\/&#8221; global_colors_info=&#8221;{}&#8221;][\/et_pb_wc_images][et_pb_wc_title product=&#8221;249&#8243; _builder_version=&#8221;4.24.0&#8243; _dynamic_attributes=&#8221;link_option_url&#8221; _module_preset=&#8221;default&#8221; header_level=&#8221;h2&#8243; header_font=&#8221;Sansation|||on|||||&#8221; header_text_align=&#8221;center&#8221; header_letter_spacing=&#8221;1px&#8221; link_option_url=&#8221;@ET-DC@eyJkeW5hbWljIjp0cnVlLCJjb250ZW50IjoicG9zdF9saW5rX3VybF9wcm9kdWN0Iiwic2V0dGluZ3MiOnsicG9zdF9pZCI6IjI0OSJ9fQ==@&#8221; hover_enabled=&#8221;0&#8243; global_colors_info=&#8221;{}&#8221; sticky_enabled=&#8221;0&#8243;][\/et_pb_wc_title][et_pb_wc_images product=&#8221;217&#8243; show_product_gallery=&#8221;off&#8221; show_sale_badge=&#8221;off&#8221; _builder_version=&#8221;4.23.3&#8243; _module_preset=&#8221;default&#8221; link_option_url=&#8221;https:\/\/www.rocaspa.fr\/index.php\/produit\/proto\/&#8221; global_colors_info=&#8221;{}&#8221;][\/et_pb_wc_images][et_pb_wc_title product=&#8221;217&#8243; _builder_version=&#8221;4.24.0&#8243; _module_preset=&#8221;default&#8221; header_level=&#8221;h2&#8243; header_font=&#8221;Sansation|||on|||||&#8221; header_text_align=&#8221;center&#8221; header_letter_spacing=&#8221;1px&#8221; hover_enabled=&#8221;0&#8243; global_colors_info=&#8221;{}&#8221; link_option_url=&#8221;@ET-DC@eyJkeW5hbWljIjp0cnVlLCJjb250ZW50IjoicG9zdF9saW5rX3VybF9wcm9kdWN0Iiwic2V0dGluZ3MiOnsicG9zdF9pZCI6IjIxNyJ9fQ==@&#8221; _dynamic_attributes=&#8221;link_option_url&#8221; sticky_enabled=&#8221;0&#8243;][\/et_pb_wc_title][\/et_pb_column_inner][et_pb_column_inner type=&#8221;1_3&#8243; saved_specialty_column_type=&#8221;3_4&#8243; _builder_version=&#8221;4.23.3&#8243; _module_preset=&#8221;default&#8221; global_colors_info=&#8221;{}&#8221;][et_pb_wc_images product=&#8221;269&#8243; show_product_gallery=&#8221;off&#8221; show_sale_badge=&#8221;off&#8221; _builder_version=&#8221;4.23.3&#8243; _module_preset=&#8221;default&#8221; global_colors_info=&#8221;{}&#8221;][\/et_pb_wc_images][et_pb_wc_title product=&#8221;269&#8243; _builder_version=&#8221;4.23.3&#8243; _module_preset=&#8221;default&#8221; header_level=&#8221;h2&#8243; header_font=&#8221;Sansation|||on|||||&#8221; header_text_align=&#8221;center&#8221; header_letter_spacing=&#8221;1px&#8221; link_option_url=&#8221;https:\/\/www.rocaspa.fr\/index.php\/produit\/calypso\/&#8221; global_colors_info=&#8221;{}&#8221;][\/et_pb_wc_title][et_pb_wc_images product=&#8221;261&#8243; show_product_gallery=&#8221;off&#8221; show_sale_badge=&#8221;off&#8221; _builder_version=&#8221;4.23.3&#8243; _module_preset=&#8221;default&#8221; global_colors_info=&#8221;{}&#8221;][\/et_pb_wc_images][et_pb_wc_title product=&#8221;261&#8243; _builder_version=&#8221;4.23.3&#8243; _module_preset=&#8221;default&#8221; header_level=&#8221;h2&#8243; header_font=&#8221;Sansation|||on|||||&#8221; header_text_align=&#8221;center&#8221; header_letter_spacing=&#8221;1px&#8221; link_option_url=&#8221;https:\/\/www.rocaspa.fr\/index.php\/produit\/panope\/&#8221; global_colors_info=&#8221;{}&#8221;][\/et_pb_wc_title][\/et_pb_column_inner][\/et_pb_row_inner][\/et_pb_column][\/et_pb_section]<\/p>\n","protected":false},"excerpt":{"rendered":"<p>Nos spas types Jacuzzi sont parfaits pour vous offrir des moments de relaxation inoubliables. Toutes options, quatre design diff\u00e9rents, des tailles adapt\u00e9es \u00e0 votre int\u00e9rieur&#8230; Chez ROCA Spa, chaque mod\u00e8le est pens\u00e9 pour r\u00e9pondre \u00e0 des besoins sp\u00e9cifiques, tout en vous offrant une qualit\u00e9 incomparable.Filtrer par :<\/p>\n","protected":false},"author":1,"featured_media":0,"parent":0,"menu_order":0,"comment_status":"closed","ping_status":"closed","template":"","meta":{"_et_pb_use_builder":"on","_et_pb_old_content":"","_et_gb_content_width":"","footnotes":""},"class_list":["post-208","page","type-page","status-publish","hentry"],"_links":{"self":[{"href":"https:\/\/www.rocaspa.fr\/index.php\/wp-json\/wp\/v2\/pages\/208","targetHints":{"allow":["GET"]}}],"collection":[{"href":"https:\/\/www.rocaspa.fr\/index.php\/wp-json\/wp\/v2\/pages"}],"about":[{"href":"https:\/\/www.rocaspa.fr\/index.php\/wp-json\/wp\/v2\/types\/page"}],"author":[{"embeddable":true,"href":"https:\/\/www.rocaspa.fr\/index.php\/wp-json\/wp\/v2\/users\/1"}],"replies":[{"embeddable":true,"href":"https:\/\/www.rocaspa.fr\/index.php\/wp-json\/wp\/v2\/comments?post=208"}],"version-history":[{"count":33,"href":"https:\/\/www.rocaspa.fr\/index.php\/wp-json\/wp\/v2\/pages\/208\/revisions"}],"predecessor-version":[{"id":624,"href":"https:\/\/www.rocaspa.fr\/index.php\/wp-json\/wp\/v2\/pages\/208\/revisions\/624"}],"wp:attachment":[{"href":"https:\/\/www.rocaspa.fr\/index.php\/wp-json\/wp\/v2\/media?parent=208"}],"curies":[{"name":"wp","href":"https:\/\/api.w.org\/{rel}","templated":true}]}}